{"id":2863,"date":"2025-11-13T15:30:21","date_gmt":"2025-11-13T15:30:21","guid":{"rendered":"https:\/\/secret-properties.com\/?page_id=2863"},"modified":"2025-11-28T11:13:04","modified_gmt":"2025-11-28T11:13:04","slug":"home-care","status":"publish","type":"page","link":"https:\/\/secret-properties.com\/de\/home-care\/","title":{"rendered":"Betreuung"},"content":{"rendered":"<div data-elementor-type=\"wp-page\" data-elementor-id=\"2863\" class=\"elementor elementor-2863\">\n\t\t\t\t<div class=\"elementor-element elementor-element-5f93d84 e-flex e-con-boxed e-con e-parent\" data-id=\"5f93d84\" data-element_type=\"container\" data-e-type=\"container\" data-settings=\"{&quot;background_background&quot;:&quot;classic&quot;,&quot;jet_parallax_layout_list&quot;:[]}\">\n\t\t\t\t\t<div class=\"e-con-inner\">\n\t\t<div class=\"elementor-element elementor-element-26ba4fe e-con-full e-flex e-con e-child\" data-id=\"26ba4fe\" data-element_type=\"container\" data-e-type=\"container\" data-settings=\"{&quot;jet_parallax_layout_list&quot;:[]}\">\n\t\t\t\t<div class=\"elementor-element elementor-element-e2ae8e1 elementor-widget elementor-widget-spacer\" data-id=\"e2ae8e1\" data-element_type=\"widget\" data-e-type=\"widget\" data-widget_type=\"spacer.default\">\n\t\t\t\t<div class=\"elementor-widget-container\">\n\t\t\t\t\t\t\t<div class=\"elementor-spacer\">\n\t\t\t<div class=\"elementor-spacer-inner\"><\/div>\n\t\t<\/div>\n\t\t\t\t\t\t<\/div>\n\t\t\t\t<\/div>\n\t\t\t\t<div class=\"elementor-element elementor-element-ca83538 elementor-widget elementor-widget-heading\" data-id=\"ca83538\" data-element_type=\"widget\" data-e-type=\"widget\" data-widget_type=\"heading.default\">\n\t\t\t\t<div class=\"elementor-widget-container\">\n\t\t\t\t\t<h2 class=\"elementor-heading-title elementor-size-default\">Home care<\/h2>\t\t\t\t<\/div>\n\t\t\t\t<\/div>\n\t\t\t\t<div class=\"elementor-element elementor-element-3f043a0 elementor-widget elementor-widget-text-editor\" data-id=\"3f043a0\" data-element_type=\"widget\" data-e-type=\"widget\" data-widget_type=\"text-editor.default\">\n\t\t\t\t<div class=\"elementor-widget-container\">\n\t\t\t\t\t\t\t\t\t<p>Ma\u00dfgeschneiderter Hausservice w\u00e4hrend Ihrer Abwesenheit<\/p>\t\t\t\t\t\t\t\t<\/div>\n\t\t\t\t<\/div>\n\t\t\t\t<\/div>\n\t\t\t\t\t<\/div>\n\t\t\t\t<\/div>\n\t\t<div class=\"elementor-element elementor-element-3ad8c61 e-flex e-con-boxed e-con e-parent\" data-id=\"3ad8c61\" data-element_type=\"container\" data-e-type=\"container\" data-settings=\"{&quot;jet_parallax_layout_list&quot;:[]}\">\n\t\t\t\t\t<div class=\"e-con-inner\">\n\t\t\t\t\t<\/div>\n\t\t\t\t<\/div>\n\t\t<div class=\"elementor-element elementor-element-549500a e-flex e-con-boxed e-con e-parent\" data-id=\"549500a\" data-element_type=\"container\" data-e-type=\"container\" data-settings=\"{&quot;jet_parallax_layout_list&quot;:[]}\">\n\t\t\t\t\t<div class=\"e-con-inner\">\n\t\t\t\t<div class=\"elementor-element elementor-element-2b8ab82 elementor-widget elementor-widget-text-editor\" data-id=\"2b8ab82\" data-element_type=\"widget\" data-e-type=\"widget\" data-widget_type=\"text-editor.default\">\n\t\t\t\t<div class=\"elementor-widget-container\">\n\t\t\t\t\t\t\t\t\t<p>Wir verstehen, dass Ihr Ferienhaus auf Mallorca mehr als nur eine Immobilie oder Investition ist \u2013 es ist ein Zuhause fernab von Ihrem Zuhause. <br \/>Es verdient professionelle Pflege und regelm\u00e4\u00dfige Aufmerksamkeit, um seine Sch\u00f6nheit, seinen Komfort und seinen langfristigen Wert zu erhalten. <br \/>Da viele Hausbesitzer nur wenige Wochen oder Monate im Jahr auf der Insel verbringen, bieten wir zuverl\u00e4ssige Immobilienverwaltungsdienste an.<br \/>Ganz auf Ihre Bed\u00fcrfnisse zugeschnitten. Egal, ob Sie im Ausland sind, viel zu tun haben oder einfach nur Ihre Ruhe haben m\u00f6chten. <br \/>Wir sorgen daf\u00fcr, dass Ihr Zuhause immer in bestem Zustand und bereit f\u00fcr Ihren n\u00e4chsten Aufenthalt ist.\u00a0<\/p>\t\t\t\t\t\t\t\t<\/div>\n\t\t\t\t<\/div>\n\t\t<div class=\"elementor-element elementor-element-f04d462 e-con-full e-flex e-con e-child\" data-id=\"f04d462\" data-element_type=\"container\" data-e-type=\"container\" data-settings=\"{&quot;jet_parallax_layout_list&quot;:[]}\">\n\t\t<div class=\"elementor-element elementor-element-401439a e-con-full e-flex e-con e-child\" data-id=\"401439a\" data-element_type=\"container\" data-e-type=\"container\" data-settings=\"{&quot;jet_parallax_layout_list&quot;:[]}\">\n\t\t\t\t<div class=\"elementor-element elementor-element-a76131a elementor-view-framed elementor-shape-circle elementor-position-block-start elementor-mobile-position-block-start elementor-widget elementor-widget-icon-box\" data-id=\"a76131a\" data-element_type=\"widget\" data-e-type=\"widget\" data-widget_type=\"icon-box.default\">\n\t\t\t\t<div class=\"elementor-widget-container\">\n\t\t\t\t\t\t\t<div class=\"elementor-icon-box-wrapper\">\n\n\t\t\t\t\t\t<div class=\"elementor-icon-box-icon\">\n\t\t\t\t<span  class=\"elementor-icon\">\n\t\t\t\t<i aria-hidden=\"true\" class=\"fas fa-key\"><\/i>\t\t\t\t<\/span>\n\t\t\t<\/div>\n\t\t\t\n\t\t\t\t\t\t<div class=\"elementor-icon-box-content\">\n\n\t\t\t\t\t\t\t\t\t<h3 class=\"elementor-icon-box-title\">\n\t\t\t\t\t\t<span  >\n\t\t\t\t\t\t\tSchl\u00fcsselverwaltung\t\t\t\t\t\t<\/span>\n\t\t\t\t\t<\/h3>\n\t\t\t\t\n\t\t\t\t\t\t\t\t\t<p class=\"elementor-icon-box-description\">\n\t\t\t\t\t\tFalls Sie sich ausgesperrt haben, f\u00fcr den Check-in von G\u00e4sten, bei dem Sie unsere Anwesenheit w\u00fcnschen, oder f\u00fcr den T\u00fcr\u00f6ffnungsdienst f\u00fcr Unternehmen, die Ihr Grundst\u00fcck betreten m\u00fcssen.\n\n\t\t\t\t\t<\/p>\n\t\t\t\t\n\t\t\t<\/div>\n\t\t\t\n\t\t<\/div>\n\t\t\t\t\t\t<\/div>\n\t\t\t\t<\/div>\n\t\t\t\t<\/div>\n\t\t<div class=\"elementor-element elementor-element-48c27be e-con-full e-flex e-con e-child\" data-id=\"48c27be\" data-element_type=\"container\" data-e-type=\"container\" data-settings=\"{&quot;jet_parallax_layout_list&quot;:[]}\">\n\t\t\t\t<div class=\"elementor-element elementor-element-39abec7 elementor-view-framed elementor-shape-circle elementor-position-block-start elementor-mobile-position-block-start elementor-widget elementor-widget-icon-box\" data-id=\"39abec7\" data-element_type=\"widget\" data-e-type=\"widget\" data-widget_type=\"icon-box.default\">\n\t\t\t\t<div class=\"elementor-widget-container\">\n\t\t\t\t\t\t\t<div class=\"elementor-icon-box-wrapper\">\n\n\t\t\t\t\t\t<div class=\"elementor-icon-box-icon\">\n\t\t\t\t<span  class=\"elementor-icon\">\n\t\t\t\t<i aria-hidden=\"true\" class=\"far fa-clock\"><\/i>\t\t\t\t<\/span>\n\t\t\t<\/div>\n\t\t\t\n\t\t\t\t\t\t<div class=\"elementor-icon-box-content\">\n\n\t\t\t\t\t\t\t\t\t<h3 class=\"elementor-icon-box-title\">\n\t\t\t\t\t\t<span  >\n\t\t\t\t\t\t\tKontrollg\u00e4nge\t\t\t\t\t\t<\/span>\n\t\t\t\t\t<\/h3>\n\t\t\t\t\n\t\t\t\t\t\t\t\t\t<p class=\"elementor-icon-box-description\">\n\t\t\t\t\t\tMehrmals pro Woche oder Monat, je nach Ihren Bed\u00fcrfnissen und pers\u00f6nlichen W\u00fcnschen, einschlie\u00dflich Au\u00dfenbereich\/Garten.\n\n\n\n\t\t\t\t\t<\/p>\n\t\t\t\t\n\t\t\t<\/div>\n\t\t\t\n\t\t<\/div>\n\t\t\t\t\t\t<\/div>\n\t\t\t\t<\/div>\n\t\t\t\t<\/div>\n\t\t<div class=\"elementor-element elementor-element-07b4e28 e-con-full e-flex e-con e-child\" data-id=\"07b4e28\" data-element_type=\"container\" data-e-type=\"container\" data-settings=\"{&quot;jet_parallax_layout_list&quot;:[]}\">\n\t\t\t\t<div class=\"elementor-element elementor-element-1786015 elementor-view-framed elementor-shape-circle elementor-position-block-start elementor-mobile-position-block-start elementor-widget elementor-widget-icon-box\" data-id=\"1786015\" data-element_type=\"widget\" data-e-type=\"widget\" data-widget_type=\"icon-box.default\">\n\t\t\t\t<div class=\"elementor-widget-container\">\n\t\t\t\t\t\t\t<div class=\"elementor-icon-box-wrapper\">\n\n\t\t\t\t\t\t<div class=\"elementor-icon-box-icon\">\n\t\t\t\t<span  class=\"elementor-icon\">\n\t\t\t\t<i aria-hidden=\"true\" class=\"fas fa-home\"><\/i>\t\t\t\t<\/span>\n\t\t\t<\/div>\n\t\t\t\n\t\t\t\t\t\t<div class=\"elementor-icon-box-content\">\n\n\t\t\t\t\t\t\t\t\t<h3 class=\"elementor-icon-box-title\">\n\t\t\t\t\t\t<span  >\n\t\t\t\t\t\t\tWillkommens Service\t\t\t\t\t\t<\/span>\n\t\t\t\t\t<\/h3>\n\t\t\t\t\n\t\t\t\t\t\t\t\t\t<p class=\"elementor-icon-box-description\">\n\t\t\t\t\t\tVom Einschalten der Klimaanlage\/Heizung bis hin zur Vorbereitung Ihrer Gartenm\u00f6bel vor Ihrer Ankunft.\n\n\n\n\n\n\t\t\t\t\t<\/p>\n\t\t\t\t\n\t\t\t<\/div>\n\t\t\t\n\t\t<\/div>\n\t\t\t\t\t\t<\/div>\n\t\t\t\t<\/div>\n\t\t\t\t<\/div>\n\t\t<div class=\"elementor-element elementor-element-ae155c2 e-con-full e-flex e-con e-child\" data-id=\"ae155c2\" data-element_type=\"container\" data-e-type=\"container\" data-settings=\"{&quot;jet_parallax_layout_list&quot;:[]}\">\n\t\t\t\t<div class=\"elementor-element elementor-element-2f1a89d elementor-view-framed elementor-shape-circle elementor-position-block-start elementor-mobile-position-block-start elementor-widget elementor-widget-icon-box\" data-id=\"2f1a89d\" data-element_type=\"widget\" data-e-type=\"widget\" data-widget_type=\"icon-box.default\">\n\t\t\t\t<div class=\"elementor-widget-container\">\n\t\t\t\t\t\t\t<div class=\"elementor-icon-box-wrapper\">\n\n\t\t\t\t\t\t<div class=\"elementor-icon-box-icon\">\n\t\t\t\t<span  class=\"elementor-icon\">\n\t\t\t\t<i aria-hidden=\"true\" class=\"fas fa-hammer\"><\/i>\t\t\t\t<\/span>\n\t\t\t<\/div>\n\t\t\t\n\t\t\t\t\t\t<div class=\"elementor-icon-box-content\">\n\n\t\t\t\t\t\t\t\t\t<h3 class=\"elementor-icon-box-title\">\n\t\t\t\t\t\t<span  >\n\t\t\t\t\t\t\tDienstleistervermittlung\t\t\t\t\t\t<\/span>\n\t\t\t\t\t<\/h3>\n\t\t\t\t\n\t\t\t\t\t\t\t\t\t<p class=\"elementor-icon-box-description\">\n\t\t\t\t\t\tAuf der Suche nach der perfekten L\u00f6sung f\u00fcr Ihre Bed\u00fcrfnisse und zur Fertigstellung von Arbeiten in und um Ihr Haus herum.\n\n\n\n\n\n\t\t\t\t\t<\/p>\n\t\t\t\t\n\t\t\t<\/div>\n\t\t\t\n\t\t<\/div>\n\t\t\t\t\t\t<\/div>\n\t\t\t\t<\/div>\n\t\t\t\t<\/div>\n\t\t\t\t<\/div>\n\t\t<div class=\"elementor-element elementor-element-3b709a0 e-con-full e-flex e-con e-child\" data-id=\"3b709a0\" data-element_type=\"container\" data-e-type=\"container\" data-settings=\"{&quot;jet_parallax_layout_list&quot;:[]}\">\n\t\t\t\t<div class=\"elementor-element elementor-element-353778e elementor-align-center elementor-widget elementor-widget-button\" data-id=\"353778e\" data-element_type=\"widget\" data-e-type=\"widget\" data-widget_type=\"button.default\">\n\t\t\t\t<div class=\"elementor-widget-container\">\n\t\t\t\t\t\t\t\t\t<div class=\"elementor-button-wrapper\">\n\t\t\t\t\t<a class=\"elementor-button elementor-button-link elementor-size-sm\" href=\"mailto:info@secret-properties.com\">\n\t\t\t\t\t\t<span class=\"elementor-button-content-wrapper\">\n\t\t\t\t\t\t\t\t\t<span class=\"elementor-button-text\">Schreiben Sie uns eine Nachricht<\/span>\n\t\t\t\t\t<\/span>\n\t\t\t\t\t<\/a>\n\t\t\t\t<\/div>\n\t\t\t\t\t\t\t\t<\/div>\n\t\t\t\t<\/div>\n\t\t\t\t<\/div>\n\t\t\t\t\t<\/div>\n\t\t\t\t<\/div>\n\t\t\t\t<\/div>","protected":false},"excerpt":{"rendered":"<p>Home care Tailored home service while you\u2019re away We understand that your holiday home in Mallorca is more than just a property or investment \u2013 it\u2019s a home away from your home. It deserves professional care and regular attention to maintain its beauty, comfort, and long-term value. Since many homeowners spend only a few weeks [&hellip;]<\/p>\n","protected":false},"author":1,"featured_media":0,"parent":0,"menu_order":0,"comment_status":"closed","ping_status":"closed","template":"elementor_header_footer","meta":{"footnotes":""},"class_list":["post-2863","page","type-page","status-publish","hentry"],"yoast_head":"<!-- This site is optimized with the Yoast SEO plugin v27.4 - https:\/\/yoast.com\/product\/yoast-seo-wordpress\/ -->\n<title>Home Care | Secret Properties Mallorca<\/title>\n<meta name=\"robots\" content=\"index, follow, max-snippet:-1, max-image-preview:large, max-video-preview:-1\" \/>\n<link rel=\"canonical\" href=\"https:\/\/secret-properties.com\/de\/home-care\/\" \/>\n<meta property=\"og:locale\" content=\"de_DE\" \/>\n<meta property=\"og:type\" content=\"article\" \/>\n<meta property=\"og:title\" content=\"Home Care | Secret Properties Mallorca\" \/>\n<meta property=\"og:description\" content=\"Home care Tailored home service while you\u2019re away We understand that your holiday home in Mallorca is more than just a property or investment \u2013 it\u2019s a home away from your home. It deserves professional care and regular attention to maintain its beauty, comfort, and long-term value. Since many homeowners spend only a few weeks [&hellip;]\" \/>\n<meta property=\"og:url\" content=\"https:\/\/secret-properties.com\/de\/home-care\/\" \/>\n<meta property=\"og:site_name\" content=\"Secret Properties Mallorca\" \/>\n<meta property=\"article:publisher\" content=\"https:\/\/www.facebook.com\/marexpertsmallorca\/\" \/>\n<meta property=\"article:modified_time\" content=\"2025-11-28T11:13:04+00:00\" \/>\n<meta name=\"twitter:card\" content=\"summary_large_image\" \/>\n<meta name=\"twitter:label1\" content=\"Gesch\u00e4tzte Lesezeit\" \/>\n\t<meta name=\"twitter:data1\" content=\"1\u00a0Minute\" \/>\n<script type=\"application\/ld+json\" class=\"yoast-schema-graph\">{\"@context\":\"https:\\\/\\\/schema.org\",\"@graph\":[{\"@type\":\"WebPage\",\"@id\":\"https:\\\/\\\/secret-properties.com\\\/home-care\\\/\",\"url\":\"https:\\\/\\\/secret-properties.com\\\/home-care\\\/\",\"name\":\"Home Care | Secret Properties Mallorca\",\"isPartOf\":{\"@id\":\"https:\\\/\\\/secret-properties.com\\\/#website\"},\"datePublished\":\"2025-11-13T15:30:21+00:00\",\"dateModified\":\"2025-11-28T11:13:04+00:00\",\"breadcrumb\":{\"@id\":\"https:\\\/\\\/secret-properties.com\\\/home-care\\\/#breadcrumb\"},\"inLanguage\":\"de\",\"potentialAction\":[{\"@type\":\"ReadAction\",\"target\":[\"https:\\\/\\\/secret-properties.com\\\/home-care\\\/\"]}]},{\"@type\":\"BreadcrumbList\",\"@id\":\"https:\\\/\\\/secret-properties.com\\\/home-care\\\/#breadcrumb\",\"itemListElement\":[{\"@type\":\"ListItem\",\"position\":1,\"name\":\"Startseite\",\"item\":\"https:\\\/\\\/secret-properties.com\\\/\"},{\"@type\":\"ListItem\",\"position\":2,\"name\":\"Home Care\"}]},{\"@type\":\"WebSite\",\"@id\":\"https:\\\/\\\/secret-properties.com\\\/#website\",\"url\":\"https:\\\/\\\/secret-properties.com\\\/\",\"name\":\"Secret Properties Mallorca\",\"description\":\"Secret Properties Mallorca - Properties which are not published online. Hidden gems called secret properties. We offer plots - luxury villas - fincas - luxury estates and investments for sale in Mallorca. You want to buy a property in Mallorca which is off-market a secret property? You found the right real estate company in Mallorca. Buy a secret property in Mallorca. You want to sell a property? Luxury villas for sale in Mallorca. Get in contact with us.\",\"publisher\":{\"@id\":\"https:\\\/\\\/secret-properties.com\\\/#organization\"},\"potentialAction\":[{\"@type\":\"SearchAction\",\"target\":{\"@type\":\"EntryPoint\",\"urlTemplate\":\"https:\\\/\\\/secret-properties.com\\\/?s={search_term_string}\"},\"query-input\":{\"@type\":\"PropertyValueSpecification\",\"valueRequired\":true,\"valueName\":\"search_term_string\"}}],\"inLanguage\":\"de\"},{\"@type\":\"Organization\",\"@id\":\"https:\\\/\\\/secret-properties.com\\\/#organization\",\"name\":\"Secret Properties Mallorca\",\"url\":\"https:\\\/\\\/secret-properties.com\\\/\",\"logo\":{\"@type\":\"ImageObject\",\"inLanguage\":\"de\",\"@id\":\"https:\\\/\\\/secret-properties.com\\\/#\\\/schema\\\/logo\\\/image\\\/\",\"url\":\"https:\\\/\\\/secret-properties.com\\\/wp-content\\\/uploads\\\/2022\\\/01\\\/SECRET-PROPERTIES-2-Kopie-e1643459824510.png\",\"contentUrl\":\"https:\\\/\\\/secret-properties.com\\\/wp-content\\\/uploads\\\/2022\\\/01\\\/SECRET-PROPERTIES-2-Kopie-e1643459824510.png\",\"width\":895,\"height\":600,\"caption\":\"Secret Properties Mallorca\"},\"image\":{\"@id\":\"https:\\\/\\\/secret-properties.com\\\/#\\\/schema\\\/logo\\\/image\\\/\"},\"sameAs\":[\"https:\\\/\\\/www.facebook.com\\\/marexpertsmallorca\\\/\",\"https:\\\/\\\/www.instagram.com\\\/secret.properties.mallorca\"]}]}<\/script>\n<!-- \/ Yoast SEO plugin. -->","yoast_head_json":{"title":"Home Care | Secret Properties Mallorca","robots":{"index":"index","follow":"follow","max-snippet":"max-snippet:-1","max-image-preview":"max-image-preview:large","max-video-preview":"max-video-preview:-1"},"canonical":"https:\/\/secret-properties.com\/de\/home-care\/","og_locale":"de_DE","og_type":"article","og_title":"Home Care | Secret Properties Mallorca","og_description":"Home care Tailored home service while you\u2019re away We understand that your holiday home in Mallorca is more than just a property or investment \u2013 it\u2019s a home away from your home. It deserves professional care and regular attention to maintain its beauty, comfort, and long-term value. Since many homeowners spend only a few weeks [&hellip;]","og_url":"https:\/\/secret-properties.com\/de\/home-care\/","og_site_name":"Secret Properties Mallorca","article_publisher":"https:\/\/www.facebook.com\/marexpertsmallorca\/","article_modified_time":"2025-11-28T11:13:04+00:00","twitter_card":"summary_large_image","twitter_misc":{"Gesch\u00e4tzte Lesezeit":"1\u00a0Minute"},"schema":{"@context":"https:\/\/schema.org","@graph":[{"@type":"WebPage","@id":"https:\/\/secret-properties.com\/home-care\/","url":"https:\/\/secret-properties.com\/home-care\/","name":"Home Care | Secret Properties Mallorca","isPartOf":{"@id":"https:\/\/secret-properties.com\/#website"},"datePublished":"2025-11-13T15:30:21+00:00","dateModified":"2025-11-28T11:13:04+00:00","breadcrumb":{"@id":"https:\/\/secret-properties.com\/home-care\/#breadcrumb"},"inLanguage":"de","potentialAction":[{"@type":"ReadAction","target":["https:\/\/secret-properties.com\/home-care\/"]}]},{"@type":"BreadcrumbList","@id":"https:\/\/secret-properties.com\/home-care\/#breadcrumb","itemListElement":[{"@type":"ListItem","position":1,"name":"Startseite","item":"https:\/\/secret-properties.com\/"},{"@type":"ListItem","position":2,"name":"Home Care"}]},{"@type":"WebSite","@id":"https:\/\/secret-properties.com\/#website","url":"https:\/\/secret-properties.com\/","name":"Secret Properties Mallorca","description":"Secret Properties Mallorca - Properties which are not published online. Hidden gems called secret properties. We offer plots - luxury villas - fincas - luxury estates and investments for sale in Mallorca. You want to buy a property in Mallorca which is off-market a secret property? You found the right real estate company in Mallorca. Buy a secret property in Mallorca. You want to sell a property? Luxury villas for sale in Mallorca. Get in contact with us.","publisher":{"@id":"https:\/\/secret-properties.com\/#organization"},"potentialAction":[{"@type":"SearchAction","target":{"@type":"EntryPoint","urlTemplate":"https:\/\/secret-properties.com\/?s={search_term_string}"},"query-input":{"@type":"PropertyValueSpecification","valueRequired":true,"valueName":"search_term_string"}}],"inLanguage":"de"},{"@type":"Organization","@id":"https:\/\/secret-properties.com\/#organization","name":"Secret Properties Mallorca","url":"https:\/\/secret-properties.com\/","logo":{"@type":"ImageObject","inLanguage":"de","@id":"https:\/\/secret-properties.com\/#\/schema\/logo\/image\/","url":"https:\/\/secret-properties.com\/wp-content\/uploads\/2022\/01\/SECRET-PROPERTIES-2-Kopie-e1643459824510.png","contentUrl":"https:\/\/secret-properties.com\/wp-content\/uploads\/2022\/01\/SECRET-PROPERTIES-2-Kopie-e1643459824510.png","width":895,"height":600,"caption":"Secret Properties Mallorca"},"image":{"@id":"https:\/\/secret-properties.com\/#\/schema\/logo\/image\/"},"sameAs":["https:\/\/www.facebook.com\/marexpertsmallorca\/","https:\/\/www.instagram.com\/secret.properties.mallorca"]}]}},"_links":{"self":[{"href":"https:\/\/secret-properties.com\/de\/wp-json\/wp\/v2\/pages\/2863","targetHints":{"allow":["GET"]}}],"collection":[{"href":"https:\/\/secret-properties.com\/de\/wp-json\/wp\/v2\/pages"}],"about":[{"href":"https:\/\/secret-properties.com\/de\/wp-json\/wp\/v2\/types\/page"}],"author":[{"embeddable":true,"href":"https:\/\/secret-properties.com\/de\/wp-json\/wp\/v2\/users\/1"}],"replies":[{"embeddable":true,"href":"https:\/\/secret-properties.com\/de\/wp-json\/wp\/v2\/comments?post=2863"}],"version-history":[{"count":72,"href":"https:\/\/secret-properties.com\/de\/wp-json\/wp\/v2\/pages\/2863\/revisions"}],"predecessor-version":[{"id":4229,"href":"https:\/\/secret-properties.com\/de\/wp-json\/wp\/v2\/pages\/2863\/revisions\/4229"}],"wp:attachment":[{"href":"https:\/\/secret-properties.com\/de\/wp-json\/wp\/v2\/media?parent=2863"}],"curies":[{"name":"wp","href":"https:\/\/api.w.org\/{rel}","templated":true}]}}