{"id":2874,"date":"2025-11-13T17:17:39","date_gmt":"2025-11-13T17:17:39","guid":{"rendered":"https:\/\/secret-properties.com\/?page_id=2874"},"modified":"2025-12-15T12:13:57","modified_gmt":"2025-12-15T12:13:57","slug":"about","status":"publish","type":"page","link":"https:\/\/secret-properties.com\/de\/about\/","title":{"rendered":"\u00dcber uns"},"content":{"rendered":"<div data-elementor-type=\"wp-page\" data-elementor-id=\"2874\" class=\"elementor elementor-2874\">\n\t\t\t\t<div class=\"elementor-element elementor-element-eadcb4f e-flex e-con-boxed e-con e-parent\" data-id=\"eadcb4f\" data-element_type=\"container\" data-e-type=\"container\" data-settings=\"{&quot;background_background&quot;:&quot;classic&quot;,&quot;jet_parallax_layout_list&quot;:[]}\">\n\t\t\t\t\t<div class=\"e-con-inner\">\n\t\t<div class=\"elementor-element elementor-element-145bf22 e-con-full e-flex e-con e-child\" data-id=\"145bf22\" data-element_type=\"container\" data-e-type=\"container\" data-settings=\"{&quot;jet_parallax_layout_list&quot;:[]}\">\n\t\t\t\t<div class=\"elementor-element elementor-element-a6bc0c5 elementor-widget elementor-widget-spacer\" data-id=\"a6bc0c5\" data-element_type=\"widget\" data-e-type=\"widget\" data-widget_type=\"spacer.default\">\n\t\t\t\t<div class=\"elementor-widget-container\">\n\t\t\t\t\t\t\t<div class=\"elementor-spacer\">\n\t\t\t<div class=\"elementor-spacer-inner\"><\/div>\n\t\t<\/div>\n\t\t\t\t\t\t<\/div>\n\t\t\t\t<\/div>\n\t\t\t\t<div class=\"elementor-element elementor-element-a56531d elementor-widget elementor-widget-heading\" data-id=\"a56531d\" data-element_type=\"widget\" data-e-type=\"widget\" data-widget_type=\"heading.default\">\n\t\t\t\t<div class=\"elementor-widget-container\">\n\t\t\t\t\t<h2 class=\"elementor-heading-title elementor-size-default\">\u00dcber uns<\/h2>\t\t\t\t<\/div>\n\t\t\t\t<\/div>\n\t\t\t\t<div class=\"elementor-element elementor-element-29648ee elementor-widget elementor-widget-text-editor\" data-id=\"29648ee\" data-element_type=\"widget\" data-e-type=\"widget\" data-widget_type=\"text-editor.default\">\n\t\t\t\t<div class=\"elementor-widget-container\">\n\t\t\t\t\t\t\t\t\t<p>F\u00fchrende Immobilienagentur f\u00fcr Off-Market Immobilien auf Mallorca.<\/p>\t\t\t\t\t\t\t\t<\/div>\n\t\t\t\t<\/div>\n\t\t\t\t<\/div>\n\t\t\t\t\t<\/div>\n\t\t\t\t<\/div>\n\t\t<div class=\"elementor-element elementor-element-cfbeaab e-con-full e-flex e-con e-parent\" data-id=\"cfbeaab\" data-element_type=\"container\" data-e-type=\"container\" data-settings=\"{&quot;background_background&quot;:&quot;classic&quot;,&quot;jet_parallax_layout_list&quot;:[]}\">\n\t\t<div class=\"elementor-element elementor-element-a71b0b4 e-con-full e-flex e-con e-child\" data-id=\"a71b0b4\" data-element_type=\"container\" data-e-type=\"container\" data-settings=\"{&quot;jet_parallax_layout_list&quot;:[]}\">\n\t\t<div class=\"elementor-element elementor-element-2bb1cca e-con-full e-flex e-con e-child\" data-id=\"2bb1cca\" data-element_type=\"container\" data-e-type=\"container\" data-settings=\"{&quot;jet_parallax_layout_list&quot;:[]}\">\n\t\t\t\t<div class=\"elementor-element elementor-element-69b5ae3 elementor-widget elementor-widget-heading\" data-id=\"69b5ae3\" data-element_type=\"widget\" data-e-type=\"widget\" data-widget_type=\"heading.default\">\n\t\t\t\t<div class=\"elementor-widget-container\">\n\t\t\t\t\t<h5 class=\"elementor-heading-title elementor-size-default\">Discretion \u2013 Passion \u2013 Experience \n<\/h5>\t\t\t\t<\/div>\n\t\t\t\t<\/div>\n\t\t\t\t<div class=\"elementor-element elementor-element-ccd50c8 elementor-widget elementor-widget-heading\" data-id=\"ccd50c8\" data-element_type=\"widget\" data-e-type=\"widget\" data-widget_type=\"heading.default\">\n\t\t\t\t<div class=\"elementor-widget-container\">\n\t\t\t\t\t<h2 class=\"elementor-heading-title elementor-size-default\">Christian Feuerstein<\/h2>\t\t\t\t<\/div>\n\t\t\t\t<\/div>\n\t\t\t\t<div class=\"elementor-element elementor-element-7e45fbf elementor-widget elementor-widget-text-editor\" data-id=\"7e45fbf\" data-element_type=\"widget\" data-e-type=\"widget\" data-widget_type=\"text-editor.default\">\n\t\t\t\t<div class=\"elementor-widget-container\">\n\t\t\t\t\t\t\t\t\tGr\u00fcnder &amp; CEO \t\t\t\t\t\t\t\t<\/div>\n\t\t\t\t<\/div>\n\t\t\t\t<div class=\"elementor-element elementor-element-6c0ca28 elementor-widget-divider--view-line elementor-widget elementor-widget-divider\" data-id=\"6c0ca28\" data-element_type=\"widget\" data-e-type=\"widget\" data-widget_type=\"divider.default\">\n\t\t\t\t<div class=\"elementor-widget-container\">\n\t\t\t\t\t\t\t<div class=\"elementor-divider\">\n\t\t\t<span class=\"elementor-divider-separator\">\n\t\t\t\t\t\t<\/span>\n\t\t<\/div>\n\t\t\t\t\t\t<\/div>\n\t\t\t\t<\/div>\n\t\t\t\t<div class=\"elementor-element elementor-element-3fe0efa elementor-widget elementor-widget-text-editor\" data-id=\"3fe0efa\" data-element_type=\"widget\" data-e-type=\"widget\" data-widget_type=\"text-editor.default\">\n\t\t\t\t<div class=\"elementor-widget-container\">\n\t\t\t\t\t\t\t\t\t<p><strong>Secret Properties<\/strong> ist Ihr Boutique-Immobilienmakler f\u00fcr <br \/>diskrete Luxusimmobilien auf Mallorca.<\/p><p>Wir vermitteln handverlesene Off-Market-Immobilien, die nicht \u00f6ffentlich gelistet sind. <br \/>\u2013 f\u00fcr K\u00e4ufer mit h\u00f6chsten Anspr\u00fcchen an Qualit\u00e4t, Privatsph\u00e4re und pers\u00f6nlichen Service.<\/p><p>Dank unseres exklusiven Netzwerks erhalten Sie Zugang zu diesen Angeboten.\u00a0<br \/>\u2013 sorgf\u00e4ltig gepr\u00fcft und vertraulich vermittelt.<\/p>\t\t\t\t\t\t\t\t<\/div>\n\t\t\t\t<\/div>\n\t\t\t\t<div class=\"elementor-element elementor-element-1aaf218 elementor-widget elementor-widget-text-editor\" data-id=\"1aaf218\" data-element_type=\"widget\" data-e-type=\"widget\" data-widget_type=\"text-editor.default\">\n\t\t\t\t<div class=\"elementor-widget-container\">\n\t\t\t\t\t\t\t\t\t<p>In exklusiven Top-Lagen auf Mallorca:<\/p><ul><li>S\u00fcd-Westen: Bendinat bis Port Andratx\u00a0<\/li><li>Center: Palma, Son Vida\u00a0<\/li><li>Westen: Valldemossa, Deia<\/li><\/ul><p><strong>Unsere Mission:<\/strong><br \/>Die perfekte Immobilie f\u00fcr Sie finden!<\/p><p>Ihre Anfrage \u2013 vertraulich und pers\u00f6nlich<\/p>\t\t\t\t\t\t\t\t<\/div>\n\t\t\t\t<\/div>\n\t\t\t\t<div class=\"elementor-element elementor-element-d32b107 elementor-icon-list--layout-traditional elementor-list-item-link-full_width elementor-widget elementor-widget-icon-list\" data-id=\"d32b107\" data-element_type=\"widget\" data-e-type=\"widget\" data-widget_type=\"icon-list.default\">\n\t\t\t\t<div class=\"elementor-widget-container\">\n\t\t\t\t\t\t\t<ul class=\"elementor-icon-list-items\">\n\t\t\t\t\t\t\t<li class=\"elementor-icon-list-item\">\n\t\t\t\t\t\t\t\t\t\t\t<a href=\"tel:+34%20692%20486%20799\">\n\n\t\t\t\t\t\t\t\t\t\t\t\t<span class=\"elementor-icon-list-icon\">\n\t\t\t\t\t\t\t<i aria-hidden=\"true\" class=\"fas fa-phone-alt\"><\/i>\t\t\t\t\t\t<\/span>\n\t\t\t\t\t\t\t\t\t\t<span class=\"elementor-icon-list-text\">+34 692 486 799<\/span>\n\t\t\t\t\t\t\t\t\t\t\t<\/a>\n\t\t\t\t\t\t\t\t\t<\/li>\n\t\t\t\t\t\t\t\t<li class=\"elementor-icon-list-item\">\n\t\t\t\t\t\t\t\t\t\t\t<a href=\"tel:%20info@secret-properties.com\">\n\n\t\t\t\t\t\t\t\t\t\t\t\t<span class=\"elementor-icon-list-icon\">\n\t\t\t\t\t\t\t<i aria-hidden=\"true\" class=\"fas fa-envelope\"><\/i>\t\t\t\t\t\t<\/span>\n\t\t\t\t\t\t\t\t\t\t<span class=\"elementor-icon-list-text\"> info@secret-properties.com<\/span>\n\t\t\t\t\t\t\t\t\t\t\t<\/a>\n\t\t\t\t\t\t\t\t\t<\/li>\n\t\t\t\t\t\t<\/ul>\n\t\t\t\t\t\t<\/div>\n\t\t\t\t<\/div>\n\t\t\t\t<\/div>\n\t\t\t\t<\/div>\n\t\t<div class=\"elementor-element elementor-element-ad5dc96 e-con-full e-flex e-con e-child\" data-id=\"ad5dc96\" data-element_type=\"container\" data-e-type=\"container\" data-settings=\"{&quot;background_background&quot;:&quot;classic&quot;,&quot;jet_parallax_layout_list&quot;:[]}\">\n\t\t\t\t<div class=\"elementor-element elementor-element-cd3b100 elementor-widget elementor-widget-spacer\" data-id=\"cd3b100\" data-element_type=\"widget\" data-e-type=\"widget\" data-widget_type=\"spacer.default\">\n\t\t\t\t<div class=\"elementor-widget-container\">\n\t\t\t\t\t\t\t<div class=\"elementor-spacer\">\n\t\t\t<div class=\"elementor-spacer-inner\"><\/div>\n\t\t<\/div>\n\t\t\t\t\t\t<\/div>\n\t\t\t\t<\/div>\n\t\t\t\t<\/div>\n\t\t\t\t<\/div>\n\t\t<div class=\"elementor-element elementor-element-b8264cc e-flex e-con-boxed e-con e-parent\" data-id=\"b8264cc\" data-element_type=\"container\" data-e-type=\"container\" data-settings=\"{&quot;background_background&quot;:&quot;classic&quot;,&quot;jet_parallax_layout_list&quot;:[]}\">\n\t\t\t\t\t<div class=\"e-con-inner\">\n\t\t<div class=\"elementor-element elementor-element-78a817d e-con-full e-flex e-con e-child\" data-id=\"78a817d\" data-element_type=\"container\" data-e-type=\"container\" data-settings=\"{&quot;jet_parallax_layout_list&quot;:[]}\">\n\t\t<div class=\"elementor-element elementor-element-1ec7c9e e-con-full e-flex e-con e-child\" data-id=\"1ec7c9e\" data-element_type=\"container\" data-e-type=\"container\" data-settings=\"{&quot;jet_parallax_layout_list&quot;:[]}\">\n\t\t\t\t<div class=\"elementor-element elementor-element-b97c8f2 elementor-widget elementor-widget-heading\" data-id=\"b97c8f2\" data-element_type=\"widget\" data-e-type=\"widget\" data-widget_type=\"heading.default\">\n\t\t\t\t<div class=\"elementor-widget-container\">\n\t\t\t\t\t<h2 class=\"elementor-heading-title elementor-size-default\">Was unsere Kunden sagen<\/h2>\t\t\t\t<\/div>\n\t\t\t\t<\/div>\n\t\t\t\t<\/div>\n\t\t<div class=\"elementor-element elementor-element-ab38e62 e-con-full e-flex e-con e-child\" data-id=\"ab38e62\" data-element_type=\"container\" data-e-type=\"container\" data-settings=\"{&quot;jet_parallax_layout_list&quot;:[]}\">\n\t\t\t\t<div class=\"elementor-element elementor-element-80594b1 elementor-widget elementor-widget-rating\" data-id=\"80594b1\" data-element_type=\"widget\" data-e-type=\"widget\" data-widget_type=\"rating.default\">\n\t\t\t\t<div class=\"elementor-widget-container\">\n\t\t\t\t\t\t\t<div class=\"e-rating\" itemtype=\"https:\/\/schema.org\/Rating\" itemscope=\"\" itemprop=\"reviewRating\">\n\t\t\t<meta itemprop=\"worstRating\" content=\"0\">\n\t\t\t<meta itemprop=\"bestRating\" content=\"5\">\n\t\t\t<div class=\"e-rating-wrapper\" itemprop=\"ratingValue\" content=\"5\" role=\"img\" aria-label=\"Rated 5 out of 5\">\n\t\t\t\t\t\t\t<div class=\"e-icon\">\n\t\t\t\t<div class=\"e-icon-wrapper e-icon-marked\">\n\t\t\t\t\t<i aria-hidden=\"true\" class=\"eicon-star\"><\/i>\t\t\t\t<\/div>\n\t\t\t\t<div class=\"e-icon-wrapper e-icon-unmarked\">\n\t\t\t\t\t<i aria-hidden=\"true\" class=\"eicon-star\"><\/i>\t\t\t\t<\/div>\n\t\t\t<\/div>\n\t\t\t\t\t\t<div class=\"e-icon\">\n\t\t\t\t<div class=\"e-icon-wrapper e-icon-marked\">\n\t\t\t\t\t<i aria-hidden=\"true\" class=\"eicon-star\"><\/i>\t\t\t\t<\/div>\n\t\t\t\t<div class=\"e-icon-wrapper e-icon-unmarked\">\n\t\t\t\t\t<i aria-hidden=\"true\" class=\"eicon-star\"><\/i>\t\t\t\t<\/div>\n\t\t\t<\/div>\n\t\t\t\t\t\t<div class=\"e-icon\">\n\t\t\t\t<div class=\"e-icon-wrapper e-icon-marked\">\n\t\t\t\t\t<i aria-hidden=\"true\" class=\"eicon-star\"><\/i>\t\t\t\t<\/div>\n\t\t\t\t<div class=\"e-icon-wrapper e-icon-unmarked\">\n\t\t\t\t\t<i aria-hidden=\"true\" class=\"eicon-star\"><\/i>\t\t\t\t<\/div>\n\t\t\t<\/div>\n\t\t\t\t\t\t<div class=\"e-icon\">\n\t\t\t\t<div class=\"e-icon-wrapper e-icon-marked\">\n\t\t\t\t\t<i aria-hidden=\"true\" class=\"eicon-star\"><\/i>\t\t\t\t<\/div>\n\t\t\t\t<div class=\"e-icon-wrapper e-icon-unmarked\">\n\t\t\t\t\t<i aria-hidden=\"true\" class=\"eicon-star\"><\/i>\t\t\t\t<\/div>\n\t\t\t<\/div>\n\t\t\t\t\t\t<div class=\"e-icon\">\n\t\t\t\t<div class=\"e-icon-wrapper e-icon-marked\">\n\t\t\t\t\t<i aria-hidden=\"true\" class=\"eicon-star\"><\/i>\t\t\t\t<\/div>\n\t\t\t\t<div class=\"e-icon-wrapper e-icon-unmarked\">\n\t\t\t\t\t<i aria-hidden=\"true\" class=\"eicon-star\"><\/i>\t\t\t\t<\/div>\n\t\t\t<\/div>\n\t\t\t\t\t\t<\/div>\n\t\t<\/div>\n\t\t\t\t\t\t<\/div>\n\t\t\t\t<\/div>\n\t\t\t\t<div class=\"elementor-element elementor-element-c5fb9c4 elementor-widget elementor-widget-jet-testimonials\" data-id=\"c5fb9c4\" data-element_type=\"widget\" data-e-type=\"widget\" data-settings=\"{&quot;slides_to_show&quot;:&quot;1&quot;,&quot;slides_to_scroll&quot;:&quot;1&quot;}\" data-widget_type=\"jet-testimonials.default\">\n\t\t\t\t<div class=\"elementor-widget-container\">\n\t\t\t\t\t<div class=\"elementor-jet-testimonials jet-elements\">\n<div class=\"jet-testimonials\">\n\t<div class=\"jet-testimonials__instance elementor-slick-slider\"data-settings='{&quot;autoplaySpeed&quot;:5000,&quot;autoplay&quot;:true,&quot;infinite&quot;:true,&quot;centerMode&quot;:false,&quot;centerPadding&quot;:&quot;50px&quot;,&quot;adaptiveHeight&quot;:true,&quot;pauseOnHover&quot;:false,&quot;speed&quot;:500,&quot;arrows&quot;:false,&quot;dots&quot;:true,&quot;slidesToScroll&quot;:1,&quot;prevArrow&quot;:&quot;.jet-testimonial__prev-arrow-c5fb9c4&quot;,&quot;nextArrow&quot;:&quot;.jet-testimonial__next-arrow-c5fb9c4&quot;,&quot;rtl&quot;:false}' dir=\"ltr\"><div class=\"jet-testimonials__item\">\n\t<div class=\"jet-testimonials__item-inner\">\n\t\t\t\t<div class=\"jet-testimonials__content\"><div class=\"jet-testimonials__comment\">Ich kann SECRET PROPERTIES w\u00e4rmstens empfehlen. Ich habe mit Christian gesprochen und ihm erz\u00e4hlt, dass ich seit Monaten auf der Suche nach einer Familienvilla im S\u00fcdwesten Mallorcas bin. Ich hatte mir viele Immobilien angesehen. Entweder entsprachen sie nicht meinen Vorstellungen oder sie hatten eine komplizierte Kaufstruktur. Christian hat mir 4 Villen gezeigt, die nicht online ver\u00f6ffentlicht waren. Eine davon war mein Favorit. Er hat den Preis in kurzer Zeit ausgehandelt und daf\u00fcr gesorgt, dass die Villa nun mir geh\u00f6rt. Vielen Dank!<\/div><div class=\"jet-testimonials__name\"><span>JELDE M<\/span><\/div><\/div>\n\t\t\t<\/div>\n<\/div>\n\n<div class=\"jet-testimonials__item\">\n\t<div class=\"jet-testimonials__item-inner\">\n\t\t\t\t<div class=\"jet-testimonials__content\"><div class=\"jet-testimonials__comment\">Seit mehr als zwei Jahren habe ich nach einer Villa in Deia gesucht. Alle Immobilien, die online ver\u00f6ffentlicht wurden, kenne ich und sie entsprachen nicht wirklich meinen Suchkriterien. Daniel hat mir eine off-market Immobilie gezeigt, wo ich jetzt wohne. Gute Arbeit! Peter<\/div><div class=\"jet-testimonials__name\"><span>PETER<\/span><\/div><\/div>\n\t\t\t<\/div>\n<\/div>\n\n<div class=\"jet-testimonials__item\">\n\t<div class=\"jet-testimonials__item-inner\">\n\t\t\t\t<div class=\"jet-testimonials__content\"><div class=\"jet-testimonials__comment\">My wife and I were looking for a luxury rental villa near Palma. Everything we saw online looked very worn and did not meet our needs. Christian helped us and showed us a villa in Costa d'en Blanes that was not listed online. We are very satisfied. Thank you.<\/div><div class=\"jet-testimonials__name\"><span>DANIEL G<\/span><\/div><\/div>\n\t\t\t<\/div>\n<\/div>\n\n<\/div>\n<\/div>\n<\/div>\t\t\t\t<\/div>\n\t\t\t\t<\/div>\n\t\t\t\t<\/div>\n\t\t\t\t<\/div>\n\t\t\t\t\t<\/div>\n\t\t\t\t<\/div>\n\t\t\t\t<\/div>","protected":false},"excerpt":{"rendered":"<p>about us Leading real estate agency for Secret Listings in Mallorca. Discretion \u2013 Passion \u2013 Experience Christian Feuerstein Founder &#038; CEO Secret Properties is your boutique real estate agent for discreet luxury properties in Mallorca. We broker hand-picked off-market properties that are not publicly listed \u2013 for buyers with the highest standards of quality, privacy, [&hellip;]<\/p>\n","protected":false},"author":1,"featured_media":0,"parent":0,"menu_order":0,"comment_status":"closed","ping_status":"closed","template":"elementor_header_footer","meta":{"footnotes":""},"class_list":["post-2874","page","type-page","status-publish","hentry"],"yoast_head":"<!-- This site is optimized with the Yoast SEO plugin v27.4 - https:\/\/yoast.com\/product\/yoast-seo-wordpress\/ -->\n<title>About | Secret Properties Mallorca<\/title>\n<meta name=\"robots\" content=\"index, follow, max-snippet:-1, max-image-preview:large, max-video-preview:-1\" \/>\n<link rel=\"canonical\" href=\"https:\/\/secret-properties.com\/de\/about\/\" \/>\n<meta property=\"og:locale\" content=\"de_DE\" \/>\n<meta property=\"og:type\" content=\"article\" \/>\n<meta property=\"og:title\" content=\"About | Secret Properties Mallorca\" \/>\n<meta property=\"og:description\" content=\"about us Leading real estate agency for Secret Listings in Mallorca. Discretion \u2013 Passion \u2013 Experience Christian Feuerstein Founder &#038; CEO Secret Properties is your boutique real estate agent for discreet luxury properties in Mallorca. We broker hand-picked off-market properties that are not publicly listed \u2013 for buyers with the highest standards of quality, privacy, [&hellip;]\" \/>\n<meta property=\"og:url\" content=\"https:\/\/secret-properties.com\/de\/about\/\" \/>\n<meta property=\"og:site_name\" content=\"Secret Properties Mallorca\" \/>\n<meta property=\"article:publisher\" content=\"https:\/\/www.facebook.com\/marexpertsmallorca\/\" \/>\n<meta property=\"article:modified_time\" content=\"2025-12-15T12:13:57+00:00\" \/>\n<meta name=\"twitter:card\" content=\"summary_large_image\" \/>\n<meta name=\"twitter:label1\" content=\"Gesch\u00e4tzte Lesezeit\" \/>\n\t<meta name=\"twitter:data1\" content=\"1\u00a0Minute\" \/>\n<script type=\"application\/ld+json\" class=\"yoast-schema-graph\">{\"@context\":\"https:\\\/\\\/schema.org\",\"@graph\":[{\"@type\":\"WebPage\",\"@id\":\"https:\\\/\\\/secret-properties.com\\\/about\\\/\",\"url\":\"https:\\\/\\\/secret-properties.com\\\/about\\\/\",\"name\":\"About | Secret Properties Mallorca\",\"isPartOf\":{\"@id\":\"https:\\\/\\\/secret-properties.com\\\/#website\"},\"datePublished\":\"2025-11-13T17:17:39+00:00\",\"dateModified\":\"2025-12-15T12:13:57+00:00\",\"breadcrumb\":{\"@id\":\"https:\\\/\\\/secret-properties.com\\\/about\\\/#breadcrumb\"},\"inLanguage\":\"de\",\"potentialAction\":[{\"@type\":\"ReadAction\",\"target\":[\"https:\\\/\\\/secret-properties.com\\\/about\\\/\"]}]},{\"@type\":\"BreadcrumbList\",\"@id\":\"https:\\\/\\\/secret-properties.com\\\/about\\\/#breadcrumb\",\"itemListElement\":[{\"@type\":\"ListItem\",\"position\":1,\"name\":\"Startseite\",\"item\":\"https:\\\/\\\/secret-properties.com\\\/\"},{\"@type\":\"ListItem\",\"position\":2,\"name\":\"About\"}]},{\"@type\":\"WebSite\",\"@id\":\"https:\\\/\\\/secret-properties.com\\\/#website\",\"url\":\"https:\\\/\\\/secret-properties.com\\\/\",\"name\":\"Secret Properties Mallorca\",\"description\":\"Secret Properties Mallorca - Properties which are not published online. Hidden gems called secret properties. We offer plots - luxury villas - fincas - luxury estates and investments for sale in Mallorca. You want to buy a property in Mallorca which is off-market a secret property? You found the right real estate company in Mallorca. Buy a secret property in Mallorca. You want to sell a property? Luxury villas for sale in Mallorca. Get in contact with us.\",\"publisher\":{\"@id\":\"https:\\\/\\\/secret-properties.com\\\/#organization\"},\"potentialAction\":[{\"@type\":\"SearchAction\",\"target\":{\"@type\":\"EntryPoint\",\"urlTemplate\":\"https:\\\/\\\/secret-properties.com\\\/?s={search_term_string}\"},\"query-input\":{\"@type\":\"PropertyValueSpecification\",\"valueRequired\":true,\"valueName\":\"search_term_string\"}}],\"inLanguage\":\"de\"},{\"@type\":\"Organization\",\"@id\":\"https:\\\/\\\/secret-properties.com\\\/#organization\",\"name\":\"Secret Properties Mallorca\",\"url\":\"https:\\\/\\\/secret-properties.com\\\/\",\"logo\":{\"@type\":\"ImageObject\",\"inLanguage\":\"de\",\"@id\":\"https:\\\/\\\/secret-properties.com\\\/#\\\/schema\\\/logo\\\/image\\\/\",\"url\":\"https:\\\/\\\/secret-properties.com\\\/wp-content\\\/uploads\\\/2022\\\/01\\\/SECRET-PROPERTIES-2-Kopie-e1643459824510.png\",\"contentUrl\":\"https:\\\/\\\/secret-properties.com\\\/wp-content\\\/uploads\\\/2022\\\/01\\\/SECRET-PROPERTIES-2-Kopie-e1643459824510.png\",\"width\":895,\"height\":600,\"caption\":\"Secret Properties Mallorca\"},\"image\":{\"@id\":\"https:\\\/\\\/secret-properties.com\\\/#\\\/schema\\\/logo\\\/image\\\/\"},\"sameAs\":[\"https:\\\/\\\/www.facebook.com\\\/marexpertsmallorca\\\/\",\"https:\\\/\\\/www.instagram.com\\\/secret.properties.mallorca\"]}]}<\/script>\n<!-- \/ Yoast SEO plugin. -->","yoast_head_json":{"title":"About | Secret Properties Mallorca","robots":{"index":"index","follow":"follow","max-snippet":"max-snippet:-1","max-image-preview":"max-image-preview:large","max-video-preview":"max-video-preview:-1"},"canonical":"https:\/\/secret-properties.com\/de\/about\/","og_locale":"de_DE","og_type":"article","og_title":"About | Secret Properties Mallorca","og_description":"about us Leading real estate agency for Secret Listings in Mallorca. Discretion \u2013 Passion \u2013 Experience Christian Feuerstein Founder &#038; CEO Secret Properties is your boutique real estate agent for discreet luxury properties in Mallorca. We broker hand-picked off-market properties that are not publicly listed \u2013 for buyers with the highest standards of quality, privacy, [&hellip;]","og_url":"https:\/\/secret-properties.com\/de\/about\/","og_site_name":"Secret Properties Mallorca","article_publisher":"https:\/\/www.facebook.com\/marexpertsmallorca\/","article_modified_time":"2025-12-15T12:13:57+00:00","twitter_card":"summary_large_image","twitter_misc":{"Gesch\u00e4tzte Lesezeit":"1\u00a0Minute"},"schema":{"@context":"https:\/\/schema.org","@graph":[{"@type":"WebPage","@id":"https:\/\/secret-properties.com\/about\/","url":"https:\/\/secret-properties.com\/about\/","name":"About | Secret Properties Mallorca","isPartOf":{"@id":"https:\/\/secret-properties.com\/#website"},"datePublished":"2025-11-13T17:17:39+00:00","dateModified":"2025-12-15T12:13:57+00:00","breadcrumb":{"@id":"https:\/\/secret-properties.com\/about\/#breadcrumb"},"inLanguage":"de","potentialAction":[{"@type":"ReadAction","target":["https:\/\/secret-properties.com\/about\/"]}]},{"@type":"BreadcrumbList","@id":"https:\/\/secret-properties.com\/about\/#breadcrumb","itemListElement":[{"@type":"ListItem","position":1,"name":"Startseite","item":"https:\/\/secret-properties.com\/"},{"@type":"ListItem","position":2,"name":"About"}]},{"@type":"WebSite","@id":"https:\/\/secret-properties.com\/#website","url":"https:\/\/secret-properties.com\/","name":"Secret Properties Mallorca","description":"Secret Properties Mallorca - Properties which are not published online. Hidden gems called secret properties. We offer plots - luxury villas - fincas - luxury estates and investments for sale in Mallorca. You want to buy a property in Mallorca which is off-market a secret property? You found the right real estate company in Mallorca. Buy a secret property in Mallorca. You want to sell a property? Luxury villas for sale in Mallorca. Get in contact with us.","publisher":{"@id":"https:\/\/secret-properties.com\/#organization"},"potentialAction":[{"@type":"SearchAction","target":{"@type":"EntryPoint","urlTemplate":"https:\/\/secret-properties.com\/?s={search_term_string}"},"query-input":{"@type":"PropertyValueSpecification","valueRequired":true,"valueName":"search_term_string"}}],"inLanguage":"de"},{"@type":"Organization","@id":"https:\/\/secret-properties.com\/#organization","name":"Secret Properties Mallorca","url":"https:\/\/secret-properties.com\/","logo":{"@type":"ImageObject","inLanguage":"de","@id":"https:\/\/secret-properties.com\/#\/schema\/logo\/image\/","url":"https:\/\/secret-properties.com\/wp-content\/uploads\/2022\/01\/SECRET-PROPERTIES-2-Kopie-e1643459824510.png","contentUrl":"https:\/\/secret-properties.com\/wp-content\/uploads\/2022\/01\/SECRET-PROPERTIES-2-Kopie-e1643459824510.png","width":895,"height":600,"caption":"Secret Properties Mallorca"},"image":{"@id":"https:\/\/secret-properties.com\/#\/schema\/logo\/image\/"},"sameAs":["https:\/\/www.facebook.com\/marexpertsmallorca\/","https:\/\/www.instagram.com\/secret.properties.mallorca"]}]}},"_links":{"self":[{"href":"https:\/\/secret-properties.com\/de\/wp-json\/wp\/v2\/pages\/2874","targetHints":{"allow":["GET"]}}],"collection":[{"href":"https:\/\/secret-properties.com\/de\/wp-json\/wp\/v2\/pages"}],"about":[{"href":"https:\/\/secret-properties.com\/de\/wp-json\/wp\/v2\/types\/page"}],"author":[{"embeddable":true,"href":"https:\/\/secret-properties.com\/de\/wp-json\/wp\/v2\/users\/1"}],"replies":[{"embeddable":true,"href":"https:\/\/secret-properties.com\/de\/wp-json\/wp\/v2\/comments?post=2874"}],"version-history":[{"count":54,"href":"https:\/\/secret-properties.com\/de\/wp-json\/wp\/v2\/pages\/2874\/revisions"}],"predecessor-version":[{"id":4293,"href":"https:\/\/secret-properties.com\/de\/wp-json\/wp\/v2\/pages\/2874\/revisions\/4293"}],"wp:attachment":[{"href":"https:\/\/secret-properties.com\/de\/wp-json\/wp\/v2\/media?parent=2874"}],"curies":[{"name":"wp","href":"https:\/\/api.w.org\/{rel}","templated":true}]}}